{"id":19,"date":"2021-10-26T19:16:24","date_gmt":"2021-10-26T19:16:24","guid":{"rendered":"https:\/\/www.valokuvaverkkokauppa.fi\/?page_id=19"},"modified":"2026-01-02T12:37:02","modified_gmt":"2026-01-02T12:37:02","slug":"valokuvaverkkokauppa","status":"publish","type":"page","link":"https:\/\/www.valokuvaverkkokauppa.fi\/index.php\/valokuvaverkkokauppa\/","title":{"rendered":"VALOKUVAVERKKOKAUPPA"},"content":{"rendered":"\t\t<div data-elementor-type=\"wp-page\" data-elementor-id=\"19\" class=\"elementor elementor-19\">\n\t\t\t\t<div class=\"elementor-element elementor-element-206ab6ce e-con-full e-flex e-con e-parent\" data-id=\"206ab6ce\" data-element_type=\"container\">\n\t\t\t\t<\/div>\n\t\t<div class=\"elementor-element elementor-element-aa5714e e-con-full e-flex e-con e-parent\" data-id=\"aa5714e\" data-element_type=\"container\">\n\t\t<div class=\"elementor-element elementor-element-5aed144 e-con-full e-flex e-con e-child\" data-id=\"5aed144\" data-element_type=\"container\" data-settings=\"{&quot;background_background&quot;:&quot;classic&quot;}\">\n\t\t\t\t<div class=\"elementor-element elementor-element-398e88a elementor-widget elementor-widget-text-editor\" data-id=\"398e88a\" data-element_type=\"widget\" data-widget_type=\"text-editor.default\">\n\t\t\t\t<div class=\"elementor-widget-container\">\n\t\t\t\t\t\t\t\t\t<div class=\"ext editor:no-inserter ext-py-lg wp-block-group alignfull has-background ext-my-0\" style=\"caret-color: #000000; color: #000000; background-color: #e2e7df;\">\n<div class=\"wp-block-column\">\n<h3 class=\"ext-my-base has-ext-large-font-size\"><!-- \/wp:heading --><!-- wp:heading {\"level\":3,\"className\":\"ext-my-base\",\"fontSize\":\"ext-large\"} --><\/h3>\n<h3 class=\"ext-my-base has-ext-large-font-size\" id=\"step-one\">Voit tilata helposti digikuvistasi valokuvia.<\/h3>\n<h3 class=\"ext-my-base has-ext-large-font-size\"><!-- \/wp:heading --><!-- wp:paragraph --><!-- \/wp:paragraph --><!-- wp:paragraph {\"className\":\"ext-mb-base\"} --><\/h3>\n<p class=\"ext-mb-base\">\u00a0Voit tehd\u00e4 kuvatilauksen <a rel=\"noreferrer noopener\" href=\"https:\/\/valokuvaverkkokauppa.kuvatilaus.fi\/photo-order\" data-type=\"URL\" data-id=\"https:\/\/valokuvaverkkokauppa.kuvatilaus.fi\/photo-order\" target=\"_blank\">palvelusivulla<\/a>, kuvatilaus maksetaan tilauksen yhteydess\u00e4 heti.<\/p>\n<p class=\"ext-mb-base\">\u00a0Valmistamme kuvat ammattitaidolla ja l\u00e4het\u00e4mme tilauksen sinulle mahdollisimman pian tilauksestasi.\u00a0<\/p>\n<\/div>\n<div class=\"wp-block-column is-vertically-aligned-center\"><!-- wp:paragraph --><\/div>\n<\/div>\t\t\t\t\t\t\t\t<\/div>\n\t\t\t\t<\/div>\n\t\t\t\t<\/div>\n\t\t<div class=\"elementor-element elementor-element-254c7aa e-con-full e-flex e-con e-child\" data-id=\"254c7aa\" data-element_type=\"container\" data-settings=\"{&quot;background_background&quot;:&quot;classic&quot;}\">\n\t\t\t\t<div class=\"elementor-element elementor-element-9ea4035 elementor-widget elementor-widget-text-editor\" data-id=\"9ea4035\" data-element_type=\"widget\" data-widget_type=\"text-editor.default\">\n\t\t\t\t<div class=\"elementor-widget-container\">\n\t\t\t\t\t\t\t\t\t<div class=\"ext editor:no-inserter ext-py-lg wp-block-group alignfull has-background ext-my-0\" style=\"caret-color: #000000; color: #000000; background-color: #e2e7df;\">\n<h3 class=\"ext-my-base has-ext-large-font-size\" id=\"step-two\">Huom..!<\/h3>\n<p class=\"ext-mb-base\">Kuvatilauksilla ei ole <a rel=\"noreferrer noopener\" href=\"https:\/\/www.kkv.fi\/kuluttaja-asiat\/tavaroiden-ja-palveluiden-virheet\/vaihto-ja-palautusoikeus\/\" data-type=\"URL\" data-id=\"https:\/\/www.kkv.fi\/kuluttaja-asiat\/tavaroiden-ja-palveluiden-virheet\/vaihto-ja-palautusoikeus\/\" target=\"_blank\">palautusoikeutta<\/a>. \u00a0Kuvatilaus maksettuna on sitova tilaus.<\/p>\n<p class=\"ext-mb-base\">Suosittelemme k\u00e4ytt\u00e4m\u00e4\u00e4n alkuper\u00e4ist\u00e4 valokuvatiedostoa.\u00a0<span style=\"text-align: var(--text-align); font-size: 1rem;\">Kuvienlaatu voi olla heikentynyt, mik\u00e4li kuva ei ole alkuper\u00e4inen versio.<\/span><\/p>\n<p>yhteydenotto: <span style=\"color: #000000; font-family: -webkit-standard; font-size: medium;\">info@valokuvaverkkokauppa.fi<\/span><span style=\"text-align: var(--text-align); font-size: 1rem;\"><br \/><\/span><\/p>\n<p><!-- wp:paragraph --><\/p>\n<\/div>\t\t\t\t\t\t\t\t<\/div>\n\t\t\t\t<\/div>\n\t\t\t\t<\/div>\n\t\t<div class=\"elementor-element elementor-element-724ac4a e-con-full e-flex e-con e-child\" data-id=\"724ac4a\" data-element_type=\"container\" data-settings=\"{&quot;background_background&quot;:&quot;classic&quot;}\">\n\t\t\t\t<div class=\"elementor-element elementor-element-46112b5 elementor-widget elementor-widget-text-editor\" data-id=\"46112b5\" data-element_type=\"widget\" data-widget_type=\"text-editor.default\">\n\t\t\t\t<div class=\"elementor-widget-container\">\n\t\t\t\t\t\t\t\t\t<div class=\"ext editor:no-inserter ext-py-lg wp-block-group alignfull has-background ext-my-0\" style=\"caret-color: #000000; color: #000000; background-color: #e2e7df;\">\n<h4><span style=\"text-decoration: underline;\"><b><a href=\"https:\/\/valokuvaverkkokauppa.kuvatilaus.fi\/photo-order\">TILAA KUVIA<\/a><\/b><\/span><\/h4>\n<h6><\/h6>\n<h6>Kuvantilausohjelma toimii omalla sivulla. Linkki ohjaa sivuston uuteen v\u00e4lilehteen ja p\u00e4\u00e4set tekem\u00e4\u00e4n kuvatilauksen!<\/h6>\n<p>Muista tekij\u00e4noikeus! Tilaa vain omia kuviasi tai pyyd\u00e4 lupa kuvan omistajalta teett\u00e4miseen.<\/p>\n<p>Kuvat valmistetaan laadukkaalle valokuvapaperille ammattikalustolla vuosien kokemuksella.<\/p>\n<\/div>\t\t\t\t\t\t\t\t<\/div>\n\t\t\t\t<\/div>\n\t\t\t\t<\/div>\n\t\t<div class=\"elementor-element elementor-element-aa89b6d e-con-full e-flex e-con e-child\" data-id=\"aa89b6d\" data-element_type=\"container\">\n\t\t\t\t<\/div>\n\t\t<div class=\"elementor-element elementor-element-a3fb628 e-con-full e-flex e-con e-child\" data-id=\"a3fb628\" data-element_type=\"container\">\n\t\t\t\t<\/div>\n\t\t<div class=\"elementor-element elementor-element-6c482ad e-con-full e-flex e-con e-child\" data-id=\"6c482ad\" data-element_type=\"container\">\n\t\t\t\t<\/div>\n\t\t\t\t<\/div>\n\t\t\t\t<\/div>\n\t\t","protected":false},"excerpt":{"rendered":"<p>Voit tilata helposti digikuvistasi valokuvia. \u00a0Voit tehd\u00e4 kuvatilauksen palvelusivulla, kuvatilaus maksetaan tilauksen yhteydess\u00e4 heti. \u00a0Valmistamme kuvat ammattitaidolla ja l\u00e4het\u00e4mme tilauksen sinulle mahdollisimman pian tilauksestasi.\u00a0 Huom..! Kuvatilauksilla ei ole palautusoikeutta. \u00a0Kuvatilaus maksettuna on sitova tilaus. Suosittelemme k\u00e4ytt\u00e4m\u00e4\u00e4n alkuper\u00e4ist\u00e4 valokuvatiedostoa.\u00a0Kuvienlaatu voi olla heikentynyt, mik\u00e4li kuva ei ole alkuper\u00e4inen versio. yhteydenotto: info@valokuvaverkkokauppa.fi TILAA KUVIA Kuvantilausohjelma toimii omalla sivulla. [&hellip;]<\/p>\n","protected":false},"author":1,"featured_media":0,"parent":0,"menu_order":0,"comment_status":"closed","ping_status":"closed","template":"elementor_header_footer","meta":{"footnotes":""},"class_list":["post-19","page","type-page","status-publish","hentry"],"_links":{"self":[{"href":"https:\/\/www.valokuvaverkkokauppa.fi\/index.php\/wp-json\/wp\/v2\/pages\/19","targetHints":{"allow":["GET"]}}],"collection":[{"href":"https:\/\/www.valokuvaverkkokauppa.fi\/index.php\/wp-json\/wp\/v2\/pages"}],"about":[{"href":"https:\/\/www.valokuvaverkkokauppa.fi\/index.php\/wp-json\/wp\/v2\/types\/page"}],"author":[{"embeddable":true,"href":"https:\/\/www.valokuvaverkkokauppa.fi\/index.php\/wp-json\/wp\/v2\/users\/1"}],"replies":[{"embeddable":true,"href":"https:\/\/www.valokuvaverkkokauppa.fi\/index.php\/wp-json\/wp\/v2\/comments?post=19"}],"version-history":[{"count":60,"href":"https:\/\/www.valokuvaverkkokauppa.fi\/index.php\/wp-json\/wp\/v2\/pages\/19\/revisions"}],"predecessor-version":[{"id":269,"href":"https:\/\/www.valokuvaverkkokauppa.fi\/index.php\/wp-json\/wp\/v2\/pages\/19\/revisions\/269"}],"wp:attachment":[{"href":"https:\/\/www.valokuvaverkkokauppa.fi\/index.php\/wp-json\/wp\/v2\/media?parent=19"}],"curies":[{"name":"wp","href":"https:\/\/api.w.org\/{rel}","templated":true}]}}